{"id":53,"date":"2019-12-19T12:33:03","date_gmt":"2019-12-19T12:33:03","guid":{"rendered":"https:\/\/aixmix.de\/wordpress\/?page_id=53"},"modified":"2024-06-19T03:37:22","modified_gmt":"2024-06-19T03:37:22","slug":"fragen-und-antworten","status":"publish","type":"page","link":"https:\/\/aixmix.de\/wordpress\/index.php\/fragen-und-antworten\/","title":{"rendered":"Fragen &#038; Antworten"},"content":{"rendered":"<p>[et_pb_section fb_built=&#8220;1&#8243; _builder_version=&#8220;3.26.5&#8243; background_image=&#8220;https:\/\/aixmix.de\/wordpress\/wp-content\/uploads\/2019\/12\/pic07.jpg&#8220; global_colors_info=&#8220;{}&#8220;][et_pb_row _builder_version=&#8220;3.26.5&#8243; global_colors_info=&#8220;{}&#8220;][et_pb_column type=&#8220;4_4&#8243; _builder_version=&#8220;3.26.5&#8243; global_colors_info=&#8220;{}&#8220;][et_pb_post_title meta=&#8220;off&#8220; featured_image=&#8220;off&#8220; text_color=&#8220;light&#8220; _builder_version=&#8220;3.26.5&#8243; title_font=&#8220;|600|||||||&#8220; title_font_size=&#8220;40px&#8220; text_orientation=&#8220;center&#8220; box_shadow_style=&#8220;preset1&#8243; box_shadow_blur=&#8220;29px&#8220; box_shadow_spread=&#8220;18px&#8220; text_shadow_style=&#8220;preset4&#8243; global_colors_info=&#8220;{}&#8220;][\/et_pb_post_title][\/et_pb_column][\/et_pb_row][\/et_pb_section][et_pb_section fb_built=&#8220;1&#8243; _builder_version=&#8220;3.22&#8243; global_colors_info=&#8220;{}&#8220;][et_pb_row column_structure=&#8220;2_3,1_3&#8243; _builder_version=&#8220;3.26.5&#8243; global_colors_info=&#8220;{}&#8220;][et_pb_column type=&#8220;2_3&#8243; _builder_version=&#8220;3.26.5&#8243; global_colors_info=&#8220;{}&#8220;][et_pb_image src=&#8220;https:\/\/aixmix.de\/wordpress\/wp-content\/uploads\/2024\/06\/VEU-Foto-2-Favorit-Kopie.jpg&#8220; _builder_version=&#8220;4.14.8&#8243; hover_enabled=&#8220;0&#8243; global_colors_info=&#8220;{}&#8220; alt=&#8220;Foto: Ulrike Charlier&#8220; title_text=&#8220;VEU Foto 2 Favorit &#8211; Kopie&#8220; sticky_enabled=&#8220;0&#8243;][\/et_pb_image][\/et_pb_column][et_pb_column type=&#8220;1_3&#8243; _builder_version=&#8220;3.26.5&#8243; global_colors_info=&#8220;{}&#8220;][et_pb_divider show_divider=&#8220;off&#8220; _builder_version=&#8220;3.26.5&#8243; global_colors_info=&#8220;{}&#8220;][\/et_pb_divider][et_pb_text _builder_version=&#8220;4.9.0&#8243; global_colors_info=&#8220;{}&#8220;]<\/p>\n<h2 style=\"text-align: center;\"><span style=\"color: #008000;\">Du bist neugierig geworden und m\u00f6chtest Dein Erlebniskochen buchen?<\/span><\/h2>\n<h2 style=\"text-align: center;\"><span style=\"color: #008000;\">Live oder Online?<\/span><\/h2>\n<p><span style=\"color: #008000;\"><\/span><\/p>\n<p><span style=\"color: #008000;\"><\/span><\/p>\n<h2 style=\"text-align: center;\"><span style=\"color: #008000;\">Du erreichst mich entweder telefonisch unter:<\/span><\/h2>\n<h2 style=\"text-align: center;\"><span style=\"color: #008000;\">0151 14009377<\/span><\/h2>\n<p><span style=\"color: #008000;\"><\/span><\/p>\n<p><span style=\"color: #008000;\"><\/span><\/p>\n<p><span style=\"color: #008000;\"><\/span><\/p>\n<p><span style=\"color: #008000;\"><\/span><\/p>\n<h2 style=\"text-align: center;\"><span style=\"color: #008000;\">oder online:<\/span><\/h2>\n<p>[\/et_pb_text][et_pb_button button_url=&#8220;https:\/\/aixmix.de\/wordpress\/index.php\/kontakt\/&#8220; url_new_window=&#8220;on&#8220; button_text=&#8220;Klicke hier!&#8220; button_alignment=&#8220;center&#8220; _builder_version=&#8220;4.9.0&#8243; custom_button=&#8220;on&#8220; button_text_color=&#8220;#347f0b&#8220; animation_style=&#8220;slide&#8220; global_colors_info=&#8220;{}&#8220;][\/et_pb_button][et_pb_divider show_divider=&#8220;off&#8220; _builder_version=&#8220;3.26.5&#8243; global_colors_info=&#8220;{}&#8220;][\/et_pb_divider][et_pb_divider show_divider=&#8220;off&#8220; _builder_version=&#8220;3.26.5&#8243; global_colors_info=&#8220;{}&#8220;][\/et_pb_divider][\/et_pb_column][\/et_pb_row][et_pb_row _builder_version=&#8220;4.9.0&#8243; _module_preset=&#8220;default&#8220; global_colors_info=&#8220;{}&#8220;][et_pb_column type=&#8220;4_4&#8243; _builder_version=&#8220;4.9.0&#8243; _module_preset=&#8220;default&#8220; global_colors_info=&#8220;{}&#8220;][et_pb_text _builder_version=&#8220;4.9.0&#8243; _module_preset=&#8220;default&#8220; header_3_font_size=&#8220;20px&#8220; header_3_letter_spacing=&#8220;2px&#8220; header_3_line_height=&#8220;1.5em&#8220; locked=&#8220;off&#8220; global_colors_info=&#8220;{}&#8220;]<\/p>\n<h3 style=\"text-align: justify;\">Das aktuelle Angebot und eine Auswahl meiner f\u00fcr InteressentInnen offenen K\u00fcchenpartys findest du auf meiner Mysite, das Informationsportal der Thermomix-Repr\u00e4sentantinnen.<\/h3>\n<h3 style=\"text-align: justify;\">Bitte nehme vor einer Bestellung \u00fcber diesen Link unbedingt pers\u00f6nlichen Kontakt mit mir auf, damit ich dich individuell beraten kann.<\/h3>\n<h3 style=\"text-align: justify;\">Auch in diesem Fall ist die kontaktlose Bestellung weiterhin m\u00f6glich.<\/h3>\n<p>[\/et_pb_text][et_pb_button button_url=&#8220;https:\/\/www.vorwerk.com\/de\/de\/c\/home\/produkt-vorfuehrung\/thermomix-kundenberatung\/thermomix.html\/ulrike.charlier&#8220; url_new_window=&#8220;on&#8220; button_text=&#8220;Mysite&#8220; button_alignment=&#8220;center&#8220; _builder_version=&#8220;4.9.0&#8243; _module_preset=&#8220;default&#8220; custom_button=&#8220;on&#8220; button_text_size=&#8220;30px&#8220; button_border_width=&#8220;3px&#8220; button_text_shadow_style=&#8220;preset4&#8243; box_shadow_style=&#8220;preset1&#8243; locked=&#8220;off&#8220; global_colors_info=&#8220;{}&#8220;][\/et_pb_button][\/et_pb_column][\/et_pb_row][\/et_pb_section]<\/p>\n","protected":false},"excerpt":{"rendered":"<p>Du bist neugierig geworden und m\u00f6chtest Dein Erlebniskochen buchen? Live oder Online? Du erreichst mich entweder telefonisch unter: 0151 14009377 oder online:Das aktuelle Angebot und eine Auswahl meiner f\u00fcr InteressentInnen offenen K\u00fcchenpartys findest du auf meiner Mysite, das Informationsportal der Thermomix-Repr\u00e4sentantinnen. Bitte nehme vor einer Bestellung \u00fcber diesen Link unbedingt pers\u00f6nlichen Kontakt mit mir auf, [&hellip;]<\/p>\n","protected":false},"author":1,"featured_media":0,"parent":0,"menu_order":0,"comment_status":"closed","ping_status":"closed","template":"","meta":{"_et_pb_use_builder":"on","_et_pb_old_content":"","_et_gb_content_width":""},"_links":{"self":[{"href":"https:\/\/aixmix.de\/wordpress\/index.php\/wp-json\/wp\/v2\/pages\/53"}],"collection":[{"href":"https:\/\/aixmix.de\/wordpress\/index.php\/wp-json\/wp\/v2\/pages"}],"about":[{"href":"https:\/\/aixmix.de\/wordpress\/index.php\/wp-json\/wp\/v2\/types\/page"}],"author":[{"embeddable":true,"href":"https:\/\/aixmix.de\/wordpress\/index.php\/wp-json\/wp\/v2\/users\/1"}],"replies":[{"embeddable":true,"href":"https:\/\/aixmix.de\/wordpress\/index.php\/wp-json\/wp\/v2\/comments?post=53"}],"version-history":[{"count":24,"href":"https:\/\/aixmix.de\/wordpress\/index.php\/wp-json\/wp\/v2\/pages\/53\/revisions"}],"predecessor-version":[{"id":348,"href":"https:\/\/aixmix.de\/wordpress\/index.php\/wp-json\/wp\/v2\/pages\/53\/revisions\/348"}],"wp:attachment":[{"href":"https:\/\/aixmix.de\/wordpress\/index.php\/wp-json\/wp\/v2\/media?parent=53"}],"curies":[{"name":"wp","href":"https:\/\/api.w.org\/{rel}","templated":true}]}}