{"id":45,"date":"2019-12-19T12:03:27","date_gmt":"2019-12-19T12:03:27","guid":{"rendered":"https:\/\/aixmix.de\/wordpress\/?page_id=45"},"modified":"2024-06-18T07:53:17","modified_gmt":"2024-06-18T07:53:17","slug":"erlebniskochen","status":"publish","type":"page","link":"https:\/\/aixmix.de\/wordpress\/index.php\/erlebniskochen\/","title":{"rendered":"Erlebniskochen"},"content":{"rendered":"<p>[et_pb_section fb_built=&#8220;1&#8243; _builder_version=&#8220;3.26.5&#8243; background_image=&#8220;https:\/\/aixmix.de\/wordpress\/wp-content\/uploads\/2019\/12\/pic07.jpg&#8220; global_colors_info=&#8220;{}&#8220;][et_pb_row _builder_version=&#8220;3.26.5&#8243; global_colors_info=&#8220;{}&#8220;][et_pb_column type=&#8220;4_4&#8243; _builder_version=&#8220;3.26.5&#8243; global_colors_info=&#8220;{}&#8220;][et_pb_post_title meta=&#8220;off&#8220; featured_image=&#8220;off&#8220; text_color=&#8220;light&#8220; _builder_version=&#8220;3.26.5&#8243; title_font=&#8220;|600|||||||&#8220; title_font_size=&#8220;40px&#8220; text_orientation=&#8220;center&#8220; box_shadow_style=&#8220;preset1&#8243; box_shadow_blur=&#8220;29px&#8220; box_shadow_spread=&#8220;18px&#8220; text_shadow_style=&#8220;preset4&#8243; global_colors_info=&#8220;{}&#8220;][\/et_pb_post_title][\/et_pb_column][\/et_pb_row][\/et_pb_section][et_pb_section fb_built=&#8220;1&#8243; _builder_version=&#8220;3.22&#8243; global_colors_info=&#8220;{}&#8220;][et_pb_row column_structure=&#8220;1_2,1_2&#8243; _builder_version=&#8220;3.26.5&#8243; global_colors_info=&#8220;{}&#8220;][et_pb_column type=&#8220;1_2&#8243; _builder_version=&#8220;3.26.5&#8243; global_colors_info=&#8220;{}&#8220;][et_pb_text _builder_version=&#8220;3.27.4&#8243; global_colors_info=&#8220;{}&#8220;]<\/p>\n<h1 style=\"text-align: center;\"><span class=\"gruen\">Das erwartet Sie <\/span>bei meinen<\/h1>\n<h1 style=\"text-align: center;\"><strong><span style=\"color: #008000;\">Live-Erlebniskochen<\/span><\/strong><\/h1>\n<p>[\/et_pb_text][et_pb_blurb title=&#8220;Das Mulittalent THERMOMIX\u00ae\ufe0f TM6 mit Ihrem Wunsch-Men\u00fc live erleben und genie\u00dfen&#8220; use_icon=&#8220;on&#8220; font_icon=&#8220;&#x45;||divi||400&#8243; icon_color=&#8220;#ffffff&#8220; image_icon_background_color=&#8220;#347f0b&#8220; icon_placement=&#8220;left&#8220; image_icon_width=&#8220;16px&#8220; _builder_version=&#8220;4.13.0&#8243; image_icon_custom_padding=&#8220;8px|8px|8px|8px|false|false&#8220; border_radii_image=&#8220;on|100%|100%|100%|100%&#8220; use_circle=&#8220;on&#8220; circle_color=&#8220;#347f0b&#8220; global_colors_info=&#8220;{}&#8220; image_icon_background_color__sticky_enabled=&#8220;#7EBEC5&#8243; image_icon_background_color__sticky=&#8220;#7EBEC5&#8243;][\/et_pb_blurb][et_pb_blurb title=&#8220;Ein Koch- &#038; Genusserlebnis f\u00fcr Sie und alle Ihre Lieblingsmenschen&#8220; use_icon=&#8220;on&#8220; font_icon=&#8220;&#x45;||divi||400&#8243; icon_color=&#8220;#ffffff&#8220; image_icon_background_color=&#8220;#347f0b&#8220; icon_placement=&#8220;left&#8220; image_icon_width=&#8220;16px&#8220; _builder_version=&#8220;4.13.0&#8243; image_icon_custom_padding=&#8220;8px|8px|8px|8px|false|false&#8220; border_radii_image=&#8220;on|100%|100%|100%|100%&#8220; use_circle=&#8220;on&#8220; circle_color=&#8220;#347f0b&#8220; global_colors_info=&#8220;{}&#8220; image_icon_background_color__sticky_enabled=&#8220;#7EBEC5&#8243; image_icon_background_color__sticky=&#8220;#7EBEC5&#8243;][\/et_pb_blurb][et_pb_blurb title=&#8220;Ganz unverbindlich in meiner Thermomixk\u00fcche oder bei Ihnen zu Hause&#8220; use_icon=&#8220;on&#8220; font_icon=&#8220;&#x45;||divi||400&#8243; icon_color=&#8220;#ffffff&#8220; image_icon_background_color=&#8220;#347f0b&#8220; icon_placement=&#8220;left&#8220; image_icon_width=&#8220;16px&#8220; _builder_version=&#8220;4.13.0&#8243; image_icon_custom_padding=&#8220;8px|8px|8px|8px|false|false&#8220; border_radii_image=&#8220;on|100%|100%|100%|100%&#8220; use_circle=&#8220;on&#8220; circle_color=&#8220;#347f0b&#8220; global_colors_info=&#8220;{}&#8220; image_icon_background_color__sticky_enabled=&#8220;#7EBEC5&#8243; image_icon_background_color__sticky=&#8220;#7EBEC5&#8243;][\/et_pb_blurb][et_pb_blurb title=&#8220;Wertvolle Profi-Tipps \u2013 auch f\u00fcr Wiederholungst\u00e4ter&#8220; use_icon=&#8220;on&#8220; font_icon=&#8220;&#x45;||divi||400&#8243; icon_color=&#8220;#ffffff&#8220; image_icon_background_color=&#8220;#347f0b&#8220; icon_placement=&#8220;left&#8220; image_icon_width=&#8220;16px&#8220; _builder_version=&#8220;4.13.0&#8243; image_icon_custom_padding=&#8220;8px|8px|8px|8px|false|false&#8220; border_radii_image=&#8220;on|100%|100%|100%|100%&#8220; use_circle=&#8220;on&#8220; circle_color=&#8220;#347f0b&#8220; global_colors_info=&#8220;{}&#8220; image_icon_background_color__sticky_enabled=&#8220;#7EBEC5&#8243; image_icon_background_color__sticky=&#8220;#7EBEC5&#8243;][\/et_pb_blurb][et_pb_blurb title=&#8220;Als Dankesch\u00f6n: ein exklusives Gastgeber-Pr\u00e4sent&#8220; use_icon=&#8220;on&#8220; font_icon=&#8220;&#x45;||divi||400&#8243; icon_color=&#8220;#ffffff&#8220; image_icon_background_color=&#8220;#347f0b&#8220; icon_placement=&#8220;left&#8220; image_icon_width=&#8220;16px&#8220; _builder_version=&#8220;4.13.0&#8243; image_icon_custom_padding=&#8220;8px|8px|8px|8px|false|false&#8220; border_radii_image=&#8220;on|100%|100%|100%|100%&#8220; use_circle=&#8220;on&#8220; circle_color=&#8220;#347f0b&#8220; global_colors_info=&#8220;{}&#8220; image_icon_background_color__sticky_enabled=&#8220;#7EBEC5&#8243; image_icon_background_color__sticky=&#8220;#7EBEC5&#8243;][\/et_pb_blurb][\/et_pb_column][et_pb_column type=&#8220;1_2&#8243; _builder_version=&#8220;3.26.5&#8243; global_colors_info=&#8220;{}&#8220;][\/et_pb_column][\/et_pb_row][et_pb_row _builder_version=&#8220;4.9.0&#8243; global_colors_info=&#8220;{}&#8220;][et_pb_column type=&#8220;4_4&#8243; _builder_version=&#8220;3.26.5&#8243; global_colors_info=&#8220;{}&#8220;][et_pb_text _builder_version=&#8220;4.9.0&#8243; _module_preset=&#8220;default&#8220; header_3_font_size=&#8220;20px&#8220; header_3_letter_spacing=&#8220;2px&#8220; header_3_line_height=&#8220;1.5em&#8220; global_colors_info=&#8220;{}&#8220;]<\/p>\n<h3 style=\"text-align: justify;\">Das aktuelle Angebot und eine Auswahl meiner f\u00fcr InteressentInnen offenen K\u00fcchenpartys findest du auf meiner Mysite, das Informationsportal der Thermomix-Repr\u00e4sentantinnen.<\/h3>\n<h3 style=\"text-align: justify;\">Bitte nehme vor einer Bestellung \u00fcber diesen Link unbedingt pers\u00f6nlichen Kontakt mit mir auf, damit ich dich individuell beraten kann.<\/h3>\n<h3 style=\"text-align: justify;\">Auch in diesem Fall ist die kontaktlose Bestellung weiterhin m\u00f6glich.<\/h3>\n<p>[\/et_pb_text][et_pb_button button_url=&#8220;https:\/\/www.vorwerk.com\/de\/de\/c\/home\/produkt-vorfuehrung\/thermomix-kundenberatung\/thermomix.html\/ulrike.charlier&#8220; url_new_window=&#8220;on&#8220; button_text=&#8220;Mysite&#8220; button_alignment=&#8220;center&#8220; _builder_version=&#8220;4.9.0&#8243; _module_preset=&#8220;default&#8220; custom_button=&#8220;on&#8220; button_text_size=&#8220;30px&#8220; button_border_width=&#8220;3px&#8220; button_text_shadow_style=&#8220;preset4&#8243; box_shadow_style=&#8220;preset1&#8243; global_colors_info=&#8220;{}&#8220;][\/et_pb_button][\/et_pb_column][\/et_pb_row][et_pb_row _builder_version=&#8220;3.26.5&#8243; global_colors_info=&#8220;{}&#8220;][et_pb_column type=&#8220;4_4&#8243; _builder_version=&#8220;3.26.5&#8243; global_colors_info=&#8220;{}&#8220;][et_pb_divider color=&#8220;#347f0b&#8220; divider_weight=&#8220;5px&#8220; _builder_version=&#8220;3.26.5&#8243; filter_opacity=&#8220;50%&#8220; global_colors_info=&#8220;{}&#8220;][\/et_pb_divider][et_pb_number_counter title=&#8220;Einfach.Selbst.Gemacht.&#8220; number=&#8220;100&#8243; _builder_version=&#8220;3.26.5&#8243; title_level=&#8220;h1&#8243; title_font=&#8220;|700|||||||&#8220; title_text_color=&#8220;#347f0b&#8220; number_text_color=&#8220;#347f0b&#8220; global_colors_info=&#8220;{}&#8220;][\/et_pb_number_counter][\/et_pb_column][\/et_pb_row][\/et_pb_section]<\/p>\n","protected":false},"excerpt":{"rendered":"<p>Das erwartet Sie bei meinen Live-ErlebniskochenDas aktuelle Angebot und eine Auswahl meiner f\u00fcr InteressentInnen offenen K\u00fcchenpartys findest du auf meiner Mysite, das Informationsportal der Thermomix-Repr\u00e4sentantinnen. Bitte nehme vor einer Bestellung \u00fcber diesen Link unbedingt pers\u00f6nlichen Kontakt mit mir auf, damit ich dich individuell beraten kann. Auch in diesem Fall ist die kontaktlose Bestellung weiterhin m\u00f6glich.<\/p>\n","protected":false},"author":1,"featured_media":0,"parent":0,"menu_order":0,"comment_status":"closed","ping_status":"closed","template":"","meta":{"_et_pb_use_builder":"on","_et_pb_old_content":"","_et_gb_content_width":""},"_links":{"self":[{"href":"https:\/\/aixmix.de\/wordpress\/index.php\/wp-json\/wp\/v2\/pages\/45"}],"collection":[{"href":"https:\/\/aixmix.de\/wordpress\/index.php\/wp-json\/wp\/v2\/pages"}],"about":[{"href":"https:\/\/aixmix.de\/wordpress\/index.php\/wp-json\/wp\/v2\/types\/page"}],"author":[{"embeddable":true,"href":"https:\/\/aixmix.de\/wordpress\/index.php\/wp-json\/wp\/v2\/users\/1"}],"replies":[{"embeddable":true,"href":"https:\/\/aixmix.de\/wordpress\/index.php\/wp-json\/wp\/v2\/comments?post=45"}],"version-history":[{"count":16,"href":"https:\/\/aixmix.de\/wordpress\/index.php\/wp-json\/wp\/v2\/pages\/45\/revisions"}],"predecessor-version":[{"id":346,"href":"https:\/\/aixmix.de\/wordpress\/index.php\/wp-json\/wp\/v2\/pages\/45\/revisions\/346"}],"wp:attachment":[{"href":"https:\/\/aixmix.de\/wordpress\/index.php\/wp-json\/wp\/v2\/media?parent=45"}],"curies":[{"name":"wp","href":"https:\/\/api.w.org\/{rel}","templated":true}]}}